{"id":521,"date":"2025-03-20T00:47:33","date_gmt":"2025-03-20T00:47:33","guid":{"rendered":"https:\/\/tecamallorca.com\/wer-wir-sind\/"},"modified":"2025-06-04T14:43:55","modified_gmt":"2025-06-04T14:43:55","slug":"wer-wir-sind","status":"publish","type":"page","link":"https:\/\/tecamallorca.com\/de\/wer-wir-sind\/","title":{"rendered":"Wer wir sind"},"content":{"rendered":"\t\t<div data-elementor-type=\"wp-page\" data-elementor-id=\"521\" class=\"elementor elementor-521 elementor-26\" data-elementor-post-type=\"page\">\n\t\t\t\t<div class=\"elementor-element elementor-element-f3bde92 e-flex e-con-boxed e-con e-parent\" data-id=\"f3bde92\" data-element_type=\"container\" data-e-type=\"container\" data-settings=\"{&quot;background_background&quot;:&quot;classic&quot;}\">\n\t\t\t\t\t<div class=\"e-con-inner\">\n\t\t<div class=\"elementor-element elementor-element-08d8277 e-con-full e-flex e-con e-child\" data-id=\"08d8277\" data-element_type=\"container\" data-e-type=\"container\">\n\t\t\t\t<div class=\"elementor-element elementor-element-1a0939c elementor-widget elementor-widget-heading\" data-id=\"1a0939c\" data-element_type=\"widget\" data-e-type=\"widget\" data-widget_type=\"heading.default\">\n\t\t\t\t<div class=\"elementor-widget-container\">\n\t\t\t\t\t<h1 class=\"elementor-heading-title elementor-size-default\"><b>Flexiteek-Experten<\/b> mit jahrelanger Erfahrung auf <b>Mallorca<\/b><\/h1>\t\t\t\t<\/div>\n\t\t\t\t<\/div>\n\t\t\t\t<\/div>\n\t\t\t\t\t<\/div>\n\t\t\t\t<\/div>\n\t\t<div class=\"elementor-element elementor-element-e7b1838 e-flex e-con-boxed e-con e-parent\" data-id=\"e7b1838\" data-element_type=\"container\" data-e-type=\"container\">\n\t\t\t\t\t<div class=\"e-con-inner\">\n\t\t\t\t<div class=\"elementor-element elementor-element-ca707c2 elementor-widget elementor-widget-heading\" data-id=\"ca707c2\" data-element_type=\"widget\" data-e-type=\"widget\" data-widget_type=\"heading.default\">\n\t\t\t\t<div class=\"elementor-widget-container\">\n\t\t\t\t\t<h2 class=\"elementor-heading-title elementor-size-default\">Von der Leidenschaft f\u00fcr das Bootfahren zur Exzellenz bei Kunststoffabdeckungen<\/h2>\t\t\t\t<\/div>\n\t\t\t\t<\/div>\n\t\t<div class=\"elementor-element elementor-element-ea66e98 e-con-full e-flex e-con e-child\" data-id=\"ea66e98\" data-element_type=\"container\" data-e-type=\"container\">\n\t\t<div class=\"elementor-element elementor-element-2498420 e-con-full e-flex e-con e-child\" data-id=\"2498420\" data-element_type=\"container\" data-e-type=\"container\">\n\t\t\t\t<div class=\"elementor-element elementor-element-23d7ffd elementor-widget elementor-widget-text-editor\" data-id=\"23d7ffd\" data-element_type=\"widget\" data-e-type=\"widget\" data-widget_type=\"text-editor.default\">\n\t\t\t\t<div class=\"elementor-widget-container\">\n\t\t\t\t\t\t\t\t\t<p>Wir bei <strong>TecaMallorca<\/strong> haben eine Leidenschaft f\u00fcr Segeln und Innovation. Unsere Erfahrung im maritimen Sektor hat uns zu einer Referenz bei der Installation von <strong>Flexiteek<\/strong> gemacht, einem Material, das die Welt der Bootsabdeckungen revolutioniert hat.<\/p><p>Unser Team besteht aus Fachleuten mit umfangreicher Erfahrung im nautischen Bereich, die sich auf die Herstellung und Installation von Kunststoffabdeckungen spezialisiert haben. Wir sind stolz darauf, unseren Kunden <strong>ma\u00dfgeschneiderte L\u00f6sungen<\/strong> anbieten zu k\u00f6nnen, die auf die spezifischen Bed\u00fcrfnisse jedes einzelnen Schiffes zugeschnitten sind.<\/p>\t\t\t\t\t\t\t\t<\/div>\n\t\t\t\t<\/div>\n\t\t\t\t<\/div>\n\t\t<div class=\"elementor-element elementor-element-14fa6a2 e-con-full e-flex e-con e-child\" data-id=\"14fa6a2\" data-element_type=\"container\" data-e-type=\"container\">\n\t\t\t\t<div class=\"elementor-element elementor-element-c290ffe elementor-widget elementor-widget-image\" data-id=\"c290ffe\" data-element_type=\"widget\" data-e-type=\"widget\" data-widget_type=\"image.default\">\n\t\t\t\t<div class=\"elementor-widget-container\">\n\t\t\t\t\t\t\t\t\t\t\t\t\t\t\t<img fetchpriority=\"high\" decoding=\"async\" width=\"800\" height=\"600\" src=\"https:\/\/tecamallorca.com\/wp-content\/uploads\/2025\/03\/yates-mallorca.jpg\" class=\"attachment-large size-large wp-image-472\" alt=\"\" srcset=\"https:\/\/tecamallorca.com\/wp-content\/uploads\/2025\/03\/yates-mallorca.jpg 1000w, https:\/\/tecamallorca.com\/wp-content\/uploads\/2025\/03\/yates-mallorca-300x225.jpg 300w, https:\/\/tecamallorca.com\/wp-content\/uploads\/2025\/03\/yates-mallorca-768x576.jpg 768w\" sizes=\"(max-width: 800px) 100vw, 800px\" \/>\t\t\t\t\t\t\t\t\t\t\t\t\t\t\t<\/div>\n\t\t\t\t<\/div>\n\t\t\t\t<\/div>\n\t\t\t\t<\/div>\n\t\t\t\t\t<\/div>\n\t\t\t\t<\/div>\n\t\t<div class=\"elementor-element elementor-element-fb7c914 e-flex e-con-boxed e-con e-parent\" data-id=\"fb7c914\" data-element_type=\"container\" data-e-type=\"container\" data-settings=\"{&quot;background_background&quot;:&quot;classic&quot;}\">\n\t\t\t\t\t<div class=\"e-con-inner\">\n\t\t\t\t<div class=\"elementor-element elementor-element-283fea9 elementor-widget elementor-widget-heading\" data-id=\"283fea9\" data-element_type=\"widget\" data-e-type=\"widget\" data-widget_type=\"heading.default\">\n\t\t\t\t<div class=\"elementor-widget-container\">\n\t\t\t\t\t<h2 class=\"elementor-heading-title elementor-size-default\">Unsere Werte<\/h2>\t\t\t\t<\/div>\n\t\t\t\t<\/div>\n\t\t\t\t\t<\/div>\n\t\t\t\t<\/div>\n\t\t<div class=\"elementor-element elementor-element-a1ba77b e-flex e-con-boxed e-con e-parent\" data-id=\"a1ba77b\" data-element_type=\"container\" data-e-type=\"container\">\n\t\t\t\t\t<div class=\"e-con-inner\">\n\t\t<div class=\"elementor-element elementor-element-17b3a5c e-con-full e-flex e-con e-child\" data-id=\"17b3a5c\" data-element_type=\"container\" data-e-type=\"container\">\n\t\t<div class=\"elementor-element elementor-element-4603a9e e-con-full e-flex e-con e-child\" data-id=\"4603a9e\" data-element_type=\"container\" data-e-type=\"container\" data-settings=\"{&quot;background_background&quot;:&quot;classic&quot;}\">\n\t\t\t\t<div class=\"elementor-element elementor-element-86a31ba elementor-position-left elementor-position-left elementor-vertical-align-top elementor-vertical-align-top elementor-widget elementor-widget-image-box\" data-id=\"86a31ba\" data-element_type=\"widget\" data-e-type=\"widget\" data-widget_type=\"image-box.default\">\n\t\t\t\t<div class=\"elementor-widget-container\">\n\t\t\t\t\t<div class=\"elementor-image-box-wrapper\"><figure class=\"elementor-image-box-img\"><img decoding=\"async\" width=\"1182\" height=\"1182\" src=\"https:\/\/tecamallorca.com\/wp-content\/uploads\/2025\/03\/about-us-1.png\" class=\"attachment-full size-full wp-image-476\" alt=\"\" srcset=\"https:\/\/tecamallorca.com\/wp-content\/uploads\/2025\/03\/about-us-1.png 1182w, https:\/\/tecamallorca.com\/wp-content\/uploads\/2025\/03\/about-us-1-300x300.png 300w, https:\/\/tecamallorca.com\/wp-content\/uploads\/2025\/03\/about-us-1-1024x1024.png 1024w, https:\/\/tecamallorca.com\/wp-content\/uploads\/2025\/03\/about-us-1-150x150.png 150w, https:\/\/tecamallorca.com\/wp-content\/uploads\/2025\/03\/about-us-1-768x768.png 768w\" sizes=\"(max-width: 1182px) 100vw, 1182px\" \/><\/figure><div class=\"elementor-image-box-content\"><h3 class=\"elementor-image-box-title\">Beste Qualit\u00e4t<\/h3><p class=\"elementor-image-box-description\">Wir arbeiten mit den besten Materialien und Techniken, um die Haltbarkeit unserer Abdeckungen zu garantieren.<\/p><\/div><\/div>\t\t\t\t<\/div>\n\t\t\t\t<\/div>\n\t\t\t\t<\/div>\n\t\t<div class=\"elementor-element elementor-element-74fce16 e-con-full e-flex e-con e-child\" data-id=\"74fce16\" data-element_type=\"container\" data-e-type=\"container\" data-settings=\"{&quot;background_background&quot;:&quot;classic&quot;}\">\n\t\t\t\t<div class=\"elementor-element elementor-element-9973aed elementor-position-left elementor-position-left elementor-vertical-align-top elementor-vertical-align-top elementor-widget elementor-widget-image-box\" data-id=\"9973aed\" data-element_type=\"widget\" data-e-type=\"widget\" data-widget_type=\"image-box.default\">\n\t\t\t\t<div class=\"elementor-widget-container\">\n\t\t\t\t\t<div class=\"elementor-image-box-wrapper\"><figure class=\"elementor-image-box-img\"><img decoding=\"async\" width=\"1182\" height=\"1182\" src=\"https:\/\/tecamallorca.com\/wp-content\/uploads\/2025\/03\/about-us-2.png\" class=\"attachment-full size-full wp-image-478\" alt=\"\" srcset=\"https:\/\/tecamallorca.com\/wp-content\/uploads\/2025\/03\/about-us-2.png 1182w, https:\/\/tecamallorca.com\/wp-content\/uploads\/2025\/03\/about-us-2-300x300.png 300w, https:\/\/tecamallorca.com\/wp-content\/uploads\/2025\/03\/about-us-2-1024x1024.png 1024w, https:\/\/tecamallorca.com\/wp-content\/uploads\/2025\/03\/about-us-2-150x150.png 150w, https:\/\/tecamallorca.com\/wp-content\/uploads\/2025\/03\/about-us-2-768x768.png 768w\" sizes=\"(max-width: 1182px) 100vw, 1182px\" \/><\/figure><div class=\"elementor-image-box-content\"><h3 class=\"elementor-image-box-title\">Pr\u00e4zision bei jeder Installation<\/h3><p class=\"elementor-image-box-description\">Wir sorgen daf\u00fcr, dass jedes St\u00fcck perfekt passt und ein makelloses Finish hat.<\/p><\/div><\/div>\t\t\t\t<\/div>\n\t\t\t\t<\/div>\n\t\t\t\t<\/div>\n\t\t\t\t<\/div>\n\t\t<div class=\"elementor-element elementor-element-71cc053 e-con-full e-flex e-con e-child\" data-id=\"71cc053\" data-element_type=\"container\" data-e-type=\"container\">\n\t\t<div class=\"elementor-element elementor-element-6707251 e-con-full e-flex e-con e-child\" data-id=\"6707251\" data-element_type=\"container\" data-e-type=\"container\" data-settings=\"{&quot;background_background&quot;:&quot;classic&quot;}\">\n\t\t\t\t<div class=\"elementor-element elementor-element-f45a5fc elementor-position-left elementor-position-left elementor-vertical-align-top elementor-vertical-align-top elementor-widget elementor-widget-image-box\" data-id=\"f45a5fc\" data-element_type=\"widget\" data-e-type=\"widget\" data-widget_type=\"image-box.default\">\n\t\t\t\t<div class=\"elementor-widget-container\">\n\t\t\t\t\t<div class=\"elementor-image-box-wrapper\"><figure class=\"elementor-image-box-img\"><img loading=\"lazy\" decoding=\"async\" width=\"1182\" height=\"1182\" src=\"https:\/\/tecamallorca.com\/wp-content\/uploads\/2025\/03\/about-us-3.png\" class=\"attachment-full size-full wp-image-484\" alt=\"\" srcset=\"https:\/\/tecamallorca.com\/wp-content\/uploads\/2025\/03\/about-us-3.png 1182w, https:\/\/tecamallorca.com\/wp-content\/uploads\/2025\/03\/about-us-3-300x300.png 300w, https:\/\/tecamallorca.com\/wp-content\/uploads\/2025\/03\/about-us-3-1024x1024.png 1024w, https:\/\/tecamallorca.com\/wp-content\/uploads\/2025\/03\/about-us-3-150x150.png 150w, https:\/\/tecamallorca.com\/wp-content\/uploads\/2025\/03\/about-us-3-768x768.png 768w\" sizes=\"(max-width: 1182px) 100vw, 1182px\" \/><\/figure><div class=\"elementor-image-box-content\"><h3 class=\"elementor-image-box-title\">Pers\u00f6nliche Aufmerksamkeit<\/h3><p class=\"elementor-image-box-description\">Wir h\u00f6ren unseren Kunden zu und bieten f\u00fcr jedes Schiff ma\u00dfgeschneiderte L\u00f6sungen.<\/p><\/div><\/div>\t\t\t\t<\/div>\n\t\t\t\t<\/div>\n\t\t\t\t<\/div>\n\t\t<div class=\"elementor-element elementor-element-e63de4e e-con-full e-flex e-con e-child\" data-id=\"e63de4e\" data-element_type=\"container\" data-e-type=\"container\" data-settings=\"{&quot;background_background&quot;:&quot;classic&quot;}\">\n\t\t\t\t<div class=\"elementor-element elementor-element-667ae4e elementor-position-left elementor-position-left elementor-vertical-align-top elementor-vertical-align-top elementor-widget elementor-widget-image-box\" data-id=\"667ae4e\" data-element_type=\"widget\" data-e-type=\"widget\" data-widget_type=\"image-box.default\">\n\t\t\t\t<div class=\"elementor-widget-container\">\n\t\t\t\t\t<div class=\"elementor-image-box-wrapper\"><figure class=\"elementor-image-box-img\"><img loading=\"lazy\" decoding=\"async\" width=\"1182\" height=\"1182\" src=\"https:\/\/tecamallorca.com\/wp-content\/uploads\/2025\/03\/about-us-4.png\" class=\"attachment-full size-full wp-image-480\" alt=\"\" srcset=\"https:\/\/tecamallorca.com\/wp-content\/uploads\/2025\/03\/about-us-4.png 1182w, https:\/\/tecamallorca.com\/wp-content\/uploads\/2025\/03\/about-us-4-300x300.png 300w, https:\/\/tecamallorca.com\/wp-content\/uploads\/2025\/03\/about-us-4-1024x1024.png 1024w, https:\/\/tecamallorca.com\/wp-content\/uploads\/2025\/03\/about-us-4-150x150.png 150w, https:\/\/tecamallorca.com\/wp-content\/uploads\/2025\/03\/about-us-4-768x768.png 768w\" sizes=\"(max-width: 1182px) 100vw, 1182px\" \/><\/figure><div class=\"elementor-image-box-content\"><h3 class=\"elementor-image-box-title\">Innovation und Technologie<\/h3><p class=\"elementor-image-box-description\">Wir halten uns \u00fcber die neuesten Trends bei synthetischen Bedachungen auf dem Laufenden.<\/p><\/div><\/div>\t\t\t\t<\/div>\n\t\t\t\t<\/div>\n\t\t\t\t<\/div>\n\t\t\t\t<\/div>\n\t\t<div class=\"elementor-element elementor-element-7d5bd3f e-con-full e-flex e-con e-child\" data-id=\"7d5bd3f\" data-element_type=\"container\" data-e-type=\"container\">\n\t\t<div class=\"elementor-element elementor-element-54d9229 e-con-full e-flex e-con e-child\" data-id=\"54d9229\" data-element_type=\"container\" data-e-type=\"container\" data-settings=\"{&quot;background_background&quot;:&quot;classic&quot;}\">\n\t\t\t\t<div class=\"elementor-element elementor-element-0969a64 elementor-position-left elementor-position-left elementor-vertical-align-top elementor-vertical-align-top elementor-widget elementor-widget-image-box\" data-id=\"0969a64\" data-element_type=\"widget\" data-e-type=\"widget\" data-widget_type=\"image-box.default\">\n\t\t\t\t<div class=\"elementor-widget-container\">\n\t\t\t\t\t<div class=\"elementor-image-box-wrapper\"><figure class=\"elementor-image-box-img\"><img loading=\"lazy\" decoding=\"async\" width=\"1182\" height=\"1182\" src=\"https:\/\/tecamallorca.com\/wp-content\/uploads\/2025\/03\/about-us-5.png\" class=\"attachment-full size-full wp-image-482\" alt=\"\" srcset=\"https:\/\/tecamallorca.com\/wp-content\/uploads\/2025\/03\/about-us-5.png 1182w, https:\/\/tecamallorca.com\/wp-content\/uploads\/2025\/03\/about-us-5-300x300.png 300w, https:\/\/tecamallorca.com\/wp-content\/uploads\/2025\/03\/about-us-5-1024x1024.png 1024w, https:\/\/tecamallorca.com\/wp-content\/uploads\/2025\/03\/about-us-5-150x150.png 150w, https:\/\/tecamallorca.com\/wp-content\/uploads\/2025\/03\/about-us-5-768x768.png 768w\" sizes=\"(max-width: 1182px) 100vw, 1182px\" \/><\/figure><div class=\"elementor-image-box-content\"><h3 class=\"elementor-image-box-title\">Engagement f\u00fcr die Umwelt  <\/h3><p class=\"elementor-image-box-description\">Wir verwenden nachhaltige Materialien, f\u00fcr die keine B\u00e4ume gef\u00e4llt werden m\u00fcssen.<\/p><\/div><\/div>\t\t\t\t<\/div>\n\t\t\t\t<\/div>\n\t\t\t\t<\/div>\n\t\t\t\t<\/div>\n\t\t\t\t\t<\/div>\n\t\t\t\t<\/div>\n\t\t<div class=\"elementor-element elementor-element-46ec0a1 e-flex e-con-boxed e-con e-parent\" data-id=\"46ec0a1\" data-element_type=\"container\" data-e-type=\"container\">\n\t\t\t\t\t<div class=\"e-con-inner\">\n\t\t\t\t<div class=\"elementor-element elementor-element-332d486 elementor-widget elementor-widget-text-editor\" data-id=\"332d486\" data-element_type=\"widget\" data-e-type=\"widget\" data-widget_type=\"text-editor.default\">\n\t\t\t\t<div class=\"elementor-widget-container\">\n\t\t\t\t\t\t\t\t\t<p>Wir wissen, dass jedes Boot eine Geschichte hat, und unser Ziel ist es, dass Ihr Deck die Pers\u00f6nlichkeit und die Bed\u00fcrfnisse seines Besitzers widerspiegelt.<\/p><p>\ud83d\udcde <em>Kontaktieren Sie uns und finden Sie heraus, wie wir Ihr Boot mit Flexiteek verbessern k\u00f6nnen.<\/em><\/p>\t\t\t\t\t\t\t\t<\/div>\n\t\t\t\t<\/div>\n\t\t\t\t\t<\/div>\n\t\t\t\t<\/div>\n\t\t\t\t<\/div>\n\t\t","protected":false},"excerpt":{"rendered":"<p>Flexiteek-Experten mit jahrelanger Erfahrung auf Mallorca Von der Leidenschaft f\u00fcr das Bootfahren zur Exzellenz bei Kunststoffabdeckungen Wir bei TecaMallorca haben eine Leidenschaft f\u00fcr Segeln und Innovation. Unsere Erfahrung im maritimen Sektor hat uns zu einer Referenz bei der Installation von Flexiteek gemacht, einem Material, das die Welt der Bootsabdeckungen revolutioniert hat. Unser Team besteht aus [&hellip;]<\/p>\n","protected":false},"author":1,"featured_media":0,"parent":0,"menu_order":0,"comment_status":"closed","ping_status":"closed","template":"elementor_header_footer","meta":{"footnotes":""},"class_list":["post-521","page","type-page","status-publish","hentry"],"yoast_head":"<!-- This site is optimized with the Yoast SEO plugin v27.4 - https:\/\/yoast.com\/product\/yoast-seo-wordpress\/ -->\n<title>Wer wir sind - TecaMallorca<\/title>\n<meta name=\"description\" content=\"Wir bei TecaMallorca haben eine Leidenschaft f\u00fcr Segeln und Innovation. Unsere Erfahrung im maritimen Sektor hat uns zu einer Referenz bei der Installation von Flexiteek gemacht, einem Material, das die Welt der Bootsabdeckungen revolutioniert hat.\" \/>\n<meta name=\"robots\" content=\"index, follow, max-snippet:-1, max-image-preview:large, max-video-preview:-1\" \/>\n<link rel=\"canonical\" href=\"https:\/\/tecamallorca.com\/de\/wer-wir-sind\/\" \/>\n<meta property=\"og:locale\" content=\"de_DE\" \/>\n<meta property=\"og:type\" content=\"article\" \/>\n<meta property=\"og:title\" content=\"Wer wir sind - TecaMallorca\" \/>\n<meta property=\"og:description\" content=\"Wir bei TecaMallorca haben eine Leidenschaft f\u00fcr Segeln und Innovation. Unsere Erfahrung im maritimen Sektor hat uns zu einer Referenz bei der Installation von Flexiteek gemacht, einem Material, das die Welt der Bootsabdeckungen revolutioniert hat.\" \/>\n<meta property=\"og:url\" content=\"https:\/\/tecamallorca.com\/de\/wer-wir-sind\/\" \/>\n<meta property=\"og:site_name\" content=\"TecaMallorca\" \/>\n<meta property=\"article:modified_time\" content=\"2025-06-04T14:43:55+00:00\" \/>\n<meta property=\"og:image\" content=\"https:\/\/tecamallorca.com\/wp-content\/uploads\/2025\/03\/yates-mallorca.jpg\" \/>\n\t<meta property=\"og:image:width\" content=\"1000\" \/>\n\t<meta property=\"og:image:height\" content=\"750\" \/>\n\t<meta property=\"og:image:type\" content=\"image\/jpeg\" \/>\n<meta name=\"twitter:card\" content=\"summary_large_image\" \/>\n<meta name=\"twitter:label1\" content=\"Gesch\u00e4tzte Lesezeit\" \/>\n\t<meta name=\"twitter:data1\" content=\"1\u00a0Minute\" \/>\n<script type=\"application\/ld+json\" class=\"yoast-schema-graph\">{\"@context\":\"https:\\\/\\\/schema.org\",\"@graph\":[{\"@type\":\"WebPage\",\"@id\":\"https:\\\/\\\/tecamallorca.com\\\/de\\\/wer-wir-sind\\\/\",\"url\":\"https:\\\/\\\/tecamallorca.com\\\/de\\\/wer-wir-sind\\\/\",\"name\":\"Wer wir sind - TecaMallorca\",\"isPartOf\":{\"@id\":\"https:\\\/\\\/tecamallorca.com\\\/de\\\/#website\"},\"primaryImageOfPage\":{\"@id\":\"https:\\\/\\\/tecamallorca.com\\\/de\\\/wer-wir-sind\\\/#primaryimage\"},\"image\":{\"@id\":\"https:\\\/\\\/tecamallorca.com\\\/de\\\/wer-wir-sind\\\/#primaryimage\"},\"thumbnailUrl\":\"https:\\\/\\\/tecamallorca.com\\\/wp-content\\\/uploads\\\/2025\\\/03\\\/yates-mallorca.jpg\",\"datePublished\":\"2025-03-20T00:47:33+00:00\",\"dateModified\":\"2025-06-04T14:43:55+00:00\",\"description\":\"Wir bei TecaMallorca haben eine Leidenschaft f\u00fcr Segeln und Innovation. Unsere Erfahrung im maritimen Sektor hat uns zu einer Referenz bei der Installation von Flexiteek gemacht, einem Material, das die Welt der Bootsabdeckungen revolutioniert hat.\",\"breadcrumb\":{\"@id\":\"https:\\\/\\\/tecamallorca.com\\\/de\\\/wer-wir-sind\\\/#breadcrumb\"},\"inLanguage\":\"de\",\"potentialAction\":[{\"@type\":\"ReadAction\",\"target\":[\"https:\\\/\\\/tecamallorca.com\\\/de\\\/wer-wir-sind\\\/\"]}]},{\"@type\":\"ImageObject\",\"inLanguage\":\"de\",\"@id\":\"https:\\\/\\\/tecamallorca.com\\\/de\\\/wer-wir-sind\\\/#primaryimage\",\"url\":\"https:\\\/\\\/tecamallorca.com\\\/wp-content\\\/uploads\\\/2025\\\/03\\\/yates-mallorca.jpg\",\"contentUrl\":\"https:\\\/\\\/tecamallorca.com\\\/wp-content\\\/uploads\\\/2025\\\/03\\\/yates-mallorca.jpg\"},{\"@type\":\"BreadcrumbList\",\"@id\":\"https:\\\/\\\/tecamallorca.com\\\/de\\\/wer-wir-sind\\\/#breadcrumb\",\"itemListElement\":[{\"@type\":\"ListItem\",\"position\":1,\"name\":\"Home\",\"item\":\"https:\\\/\\\/tecamallorca.com\\\/de\\\/\"},{\"@type\":\"ListItem\",\"position\":2,\"name\":\"Wer wir sind\"}]},{\"@type\":\"WebSite\",\"@id\":\"https:\\\/\\\/tecamallorca.com\\\/de\\\/#website\",\"url\":\"https:\\\/\\\/tecamallorca.com\\\/de\\\/\",\"name\":\"TecaMallorca.com\",\"description\":\"\",\"publisher\":{\"@id\":\"https:\\\/\\\/tecamallorca.com\\\/de\\\/#organization\"},\"potentialAction\":[{\"@type\":\"SearchAction\",\"target\":{\"@type\":\"EntryPoint\",\"urlTemplate\":\"https:\\\/\\\/tecamallorca.com\\\/de\\\/?s={search_term_string}\"},\"query-input\":{\"@type\":\"PropertyValueSpecification\",\"valueRequired\":true,\"valueName\":\"search_term_string\"}}],\"inLanguage\":\"de\"},{\"@type\":\"Organization\",\"@id\":\"https:\\\/\\\/tecamallorca.com\\\/de\\\/#organization\",\"name\":\"Teca Mallorca\",\"url\":\"https:\\\/\\\/tecamallorca.com\\\/de\\\/\",\"logo\":{\"@type\":\"ImageObject\",\"inLanguage\":\"de\",\"@id\":\"https:\\\/\\\/tecamallorca.com\\\/de\\\/#\\\/schema\\\/logo\\\/image\\\/\",\"url\":\"https:\\\/\\\/tecamallorca.com\\\/wp-content\\\/uploads\\\/2025\\\/03\\\/tecamallorca-logo.jpg\",\"contentUrl\":\"https:\\\/\\\/tecamallorca.com\\\/wp-content\\\/uploads\\\/2025\\\/03\\\/tecamallorca-logo.jpg\",\"width\":1572,\"height\":195,\"caption\":\"Teca Mallorca\"},\"image\":{\"@id\":\"https:\\\/\\\/tecamallorca.com\\\/de\\\/#\\\/schema\\\/logo\\\/image\\\/\"}}]}<\/script>\n<!-- \/ Yoast SEO plugin. -->","yoast_head_json":{"title":"Wer wir sind - TecaMallorca","description":"Wir bei TecaMallorca haben eine Leidenschaft f\u00fcr Segeln und Innovation. Unsere Erfahrung im maritimen Sektor hat uns zu einer Referenz bei der Installation von Flexiteek gemacht, einem Material, das die Welt der Bootsabdeckungen revolutioniert hat.","robots":{"index":"index","follow":"follow","max-snippet":"max-snippet:-1","max-image-preview":"max-image-preview:large","max-video-preview":"max-video-preview:-1"},"canonical":"https:\/\/tecamallorca.com\/de\/wer-wir-sind\/","og_locale":"de_DE","og_type":"article","og_title":"Wer wir sind - TecaMallorca","og_description":"Wir bei TecaMallorca haben eine Leidenschaft f\u00fcr Segeln und Innovation. Unsere Erfahrung im maritimen Sektor hat uns zu einer Referenz bei der Installation von Flexiteek gemacht, einem Material, das die Welt der Bootsabdeckungen revolutioniert hat.","og_url":"https:\/\/tecamallorca.com\/de\/wer-wir-sind\/","og_site_name":"TecaMallorca","article_modified_time":"2025-06-04T14:43:55+00:00","og_image":[{"width":1000,"height":750,"url":"https:\/\/tecamallorca.com\/wp-content\/uploads\/2025\/03\/yates-mallorca.jpg","type":"image\/jpeg"}],"twitter_card":"summary_large_image","twitter_misc":{"Gesch\u00e4tzte Lesezeit":"1\u00a0Minute"},"schema":{"@context":"https:\/\/schema.org","@graph":[{"@type":"WebPage","@id":"https:\/\/tecamallorca.com\/de\/wer-wir-sind\/","url":"https:\/\/tecamallorca.com\/de\/wer-wir-sind\/","name":"Wer wir sind - TecaMallorca","isPartOf":{"@id":"https:\/\/tecamallorca.com\/de\/#website"},"primaryImageOfPage":{"@id":"https:\/\/tecamallorca.com\/de\/wer-wir-sind\/#primaryimage"},"image":{"@id":"https:\/\/tecamallorca.com\/de\/wer-wir-sind\/#primaryimage"},"thumbnailUrl":"https:\/\/tecamallorca.com\/wp-content\/uploads\/2025\/03\/yates-mallorca.jpg","datePublished":"2025-03-20T00:47:33+00:00","dateModified":"2025-06-04T14:43:55+00:00","description":"Wir bei TecaMallorca haben eine Leidenschaft f\u00fcr Segeln und Innovation. Unsere Erfahrung im maritimen Sektor hat uns zu einer Referenz bei der Installation von Flexiteek gemacht, einem Material, das die Welt der Bootsabdeckungen revolutioniert hat.","breadcrumb":{"@id":"https:\/\/tecamallorca.com\/de\/wer-wir-sind\/#breadcrumb"},"inLanguage":"de","potentialAction":[{"@type":"ReadAction","target":["https:\/\/tecamallorca.com\/de\/wer-wir-sind\/"]}]},{"@type":"ImageObject","inLanguage":"de","@id":"https:\/\/tecamallorca.com\/de\/wer-wir-sind\/#primaryimage","url":"https:\/\/tecamallorca.com\/wp-content\/uploads\/2025\/03\/yates-mallorca.jpg","contentUrl":"https:\/\/tecamallorca.com\/wp-content\/uploads\/2025\/03\/yates-mallorca.jpg"},{"@type":"BreadcrumbList","@id":"https:\/\/tecamallorca.com\/de\/wer-wir-sind\/#breadcrumb","itemListElement":[{"@type":"ListItem","position":1,"name":"Home","item":"https:\/\/tecamallorca.com\/de\/"},{"@type":"ListItem","position":2,"name":"Wer wir sind"}]},{"@type":"WebSite","@id":"https:\/\/tecamallorca.com\/de\/#website","url":"https:\/\/tecamallorca.com\/de\/","name":"TecaMallorca.com","description":"","publisher":{"@id":"https:\/\/tecamallorca.com\/de\/#organization"},"potentialAction":[{"@type":"SearchAction","target":{"@type":"EntryPoint","urlTemplate":"https:\/\/tecamallorca.com\/de\/?s={search_term_string}"},"query-input":{"@type":"PropertyValueSpecification","valueRequired":true,"valueName":"search_term_string"}}],"inLanguage":"de"},{"@type":"Organization","@id":"https:\/\/tecamallorca.com\/de\/#organization","name":"Teca Mallorca","url":"https:\/\/tecamallorca.com\/de\/","logo":{"@type":"ImageObject","inLanguage":"de","@id":"https:\/\/tecamallorca.com\/de\/#\/schema\/logo\/image\/","url":"https:\/\/tecamallorca.com\/wp-content\/uploads\/2025\/03\/tecamallorca-logo.jpg","contentUrl":"https:\/\/tecamallorca.com\/wp-content\/uploads\/2025\/03\/tecamallorca-logo.jpg","width":1572,"height":195,"caption":"Teca Mallorca"},"image":{"@id":"https:\/\/tecamallorca.com\/de\/#\/schema\/logo\/image\/"}}]}},"_links":{"self":[{"href":"https:\/\/tecamallorca.com\/de\/wp-json\/wp\/v2\/pages\/521","targetHints":{"allow":["GET"]}}],"collection":[{"href":"https:\/\/tecamallorca.com\/de\/wp-json\/wp\/v2\/pages"}],"about":[{"href":"https:\/\/tecamallorca.com\/de\/wp-json\/wp\/v2\/types\/page"}],"author":[{"embeddable":true,"href":"https:\/\/tecamallorca.com\/de\/wp-json\/wp\/v2\/users\/1"}],"replies":[{"embeddable":true,"href":"https:\/\/tecamallorca.com\/de\/wp-json\/wp\/v2\/comments?post=521"}],"version-history":[{"count":2,"href":"https:\/\/tecamallorca.com\/de\/wp-json\/wp\/v2\/pages\/521\/revisions"}],"predecessor-version":[{"id":557,"href":"https:\/\/tecamallorca.com\/de\/wp-json\/wp\/v2\/pages\/521\/revisions\/557"}],"wp:attachment":[{"href":"https:\/\/tecamallorca.com\/de\/wp-json\/wp\/v2\/media?parent=521"}],"curies":[{"name":"wp","href":"https:\/\/api.w.org\/{rel}","templated":true}]}}