{"id":517,"date":"2025-03-20T00:32:14","date_gmt":"2025-03-20T00:32:14","guid":{"rendered":"https:\/\/tecamallorca.com\/startseite\/"},"modified":"2025-06-04T14:56:06","modified_gmt":"2025-06-04T14:56:06","slug":"startseite","status":"publish","type":"page","link":"https:\/\/tecamallorca.com\/de\/","title":{"rendered":"Startseite"},"content":{"rendered":"\t\t<div data-elementor-type=\"wp-page\" data-elementor-id=\"517\" class=\"elementor elementor-517 elementor-11\" data-elementor-post-type=\"page\">\n\t\t\t\t<div class=\"elementor-element elementor-element-ee7907e e-con-full e-flex e-con e-parent\" data-id=\"ee7907e\" data-element_type=\"container\" data-e-type=\"container\">\n\t\t\t\t<div class=\"elementor-element elementor-element-356058f elementor--h-position-center elementor--v-position-middle elementor-widget elementor-widget-slides\" data-id=\"356058f\" data-element_type=\"widget\" data-e-type=\"widget\" data-settings=\"{&quot;transition&quot;:&quot;fade&quot;,&quot;navigation&quot;:&quot;none&quot;,&quot;infinite&quot;:&quot;yes&quot;,&quot;transition_speed&quot;:500}\" data-widget_type=\"slides.default\">\n\t\t\t\t<div class=\"elementor-widget-container\">\n\t\t\t\t\t\t\t\t\t<div class=\"elementor-swiper\">\n\t\t\t\t\t<div class=\"elementor-slides-wrapper elementor-main-swiper swiper\" role=\"region\" aria-roledescription=\"carousel\" aria-label=\"Slides\" dir=\"ltr\" data-animation=\"\">\n\t\t\t\t<div class=\"swiper-wrapper elementor-slides\">\n\t\t\t\t\t\t\t\t\t\t<div class=\"elementor-repeater-item-c033169 swiper-slide\" role=\"group\" aria-roledescription=\"slide\"><div class=\"swiper-slide-bg\" role=\"img\"><\/div><div class=\"elementor-background-overlay\"><\/div><div class=\"swiper-slide-inner\" ><div class=\"swiper-slide-contents\"><h1 class=\"elementor-slide-heading\">Willkommen bei <b>TecaMallorca<\/b><\/h1><div class=\"elementor-slide-description\"><p>Flexiteek Experten auf Mallorca<\/p>\n<\/div><\/div><\/div><\/div><div class=\"elementor-repeater-item-17cfdfc swiper-slide\" role=\"group\" aria-roledescription=\"slide\"><div class=\"swiper-slide-bg\" role=\"img\"><\/div><div class=\"elementor-background-overlay\"><\/div><div class=\"swiper-slide-inner\" ><div class=\"swiper-slide-contents\"><h1 class=\"elementor-slide-heading\">Willkommen bei <b>TecaMallorca<\/b><\/h1><div class=\"elementor-slide-description\"><p>Flexiteek Experten auf Mallorca<\/p>\n<\/div><\/div><\/div><\/div>\t\t\t\t<\/div>\n\t\t\t\t\t\t\t\t\t\t\t\t\t\t\t\t\t\t\t\t\t<\/div>\n\t\t\t\t<\/div>\n\t\t\t\t\t\t\t\t<\/div>\n\t\t\t\t<\/div>\n\t\t\t\t<\/div>\n\t\t<div class=\"elementor-element elementor-element-8af5faa e-flex e-con-boxed e-con e-parent\" data-id=\"8af5faa\" data-element_type=\"container\" data-e-type=\"container\">\n\t\t\t\t\t<div class=\"e-con-inner\">\n\t\t<div class=\"elementor-element elementor-element-0033d30 e-con-full e-flex e-con e-child\" data-id=\"0033d30\" data-element_type=\"container\" data-e-type=\"container\">\n\t\t\t\t<div class=\"elementor-element elementor-element-2adcbb8 elementor-widget elementor-widget-heading\" data-id=\"2adcbb8\" data-element_type=\"widget\" data-e-type=\"widget\" data-widget_type=\"heading.default\">\n\t\t\t\t<div class=\"elementor-widget-container\">\n\t\t\t\t\t<h2 class=\"elementor-heading-title elementor-size-default\">Die beste Alternative zu traditionellem Teakholz f\u00fcr Ihr Boot<\/h2>\t\t\t\t<\/div>\n\t\t\t\t<\/div>\n\t\t\t\t<div class=\"elementor-element elementor-element-4855c11 elementor-widget elementor-widget-text-editor\" data-id=\"4855c11\" data-element_type=\"widget\" data-e-type=\"widget\" data-widget_type=\"text-editor.default\">\n\t\t\t\t<div class=\"elementor-widget-container\">\n\t\t\t\t\t\t\t\t\t<p>Willkommen bei <strong>TecaMallorca<\/strong>, dem f\u00fchrenden Unternehmen f\u00fcr die Installation von <strong>Flexiteek<\/strong> auf Mallorca. Mit jahrelanger Erfahrung in der Schifffahrtsbranche bieten wir innovative L\u00f6sungen zur Verbesserung der \u00c4sthetik und Leistung Ihres Bootes. Flexiteek ist die ideale Wahl f\u00fcr alle, die die Sch\u00f6nheit von traditionellem Teakholz mit \u00fcberlegener St\u00e4rke und minimaler Pflege kombinieren m\u00f6chten.<\/p><p>Ganz gleich, ob Sie eine Luxusyacht, ein Sportboot oder ein klassisches Segelboot besitzen, unser Team entwirft und installiert ma\u00dfgeschneiderte Kunststoffabdeckungen, die ein makelloses und langlebiges Finish garantieren.<\/p>\t\t\t\t\t\t\t\t<\/div>\n\t\t\t\t<\/div>\n\t\t\t\t<\/div>\n\t\t<div class=\"elementor-element elementor-element-7006c1a e-con-full e-flex e-con e-child\" data-id=\"7006c1a\" data-element_type=\"container\" data-e-type=\"container\">\n\t\t<div class=\"elementor-element elementor-element-c0b891c e-con-full e-flex e-con e-child\" data-id=\"c0b891c\" data-element_type=\"container\" data-e-type=\"container\" data-settings=\"{&quot;background_background&quot;:&quot;classic&quot;}\">\n\t\t\t\t<\/div>\n\t\t<div class=\"elementor-element elementor-element-32bb9a8 e-con-full e-flex e-con e-child\" data-id=\"32bb9a8\" data-element_type=\"container\" data-e-type=\"container\" data-settings=\"{&quot;background_background&quot;:&quot;classic&quot;}\">\n\t\t\t\t<\/div>\n\t\t\t\t<\/div>\n\t\t\t\t\t<\/div>\n\t\t\t\t<\/div>\n\t\t<div class=\"elementor-element elementor-element-cfc41e6 e-flex e-con-boxed e-con e-parent\" data-id=\"cfc41e6\" data-element_type=\"container\" data-e-type=\"container\" data-settings=\"{&quot;background_background&quot;:&quot;classic&quot;}\">\n\t\t\t\t\t<div class=\"e-con-inner\">\n\t\t\t\t<div class=\"elementor-element elementor-element-e217160 elementor-widget elementor-widget-heading\" data-id=\"e217160\" data-element_type=\"widget\" data-e-type=\"widget\" data-widget_type=\"heading.default\">\n\t\t\t\t<div class=\"elementor-widget-container\">\n\t\t\t\t\t<h2 class=\"elementor-heading-title elementor-size-default\">Warum Flexiteek w\u00e4hlen?<\/h2>\t\t\t\t<\/div>\n\t\t\t\t<\/div>\n\t\t\t\t\t<\/div>\n\t\t\t\t<\/div>\n\t\t<div class=\"elementor-element elementor-element-5614aa9 e-flex e-con-boxed e-con e-parent\" data-id=\"5614aa9\" data-element_type=\"container\" data-e-type=\"container\">\n\t\t\t\t\t<div class=\"e-con-inner\">\n\t\t<div class=\"elementor-element elementor-element-f9d8d74 e-con-full e-flex e-con e-child\" data-id=\"f9d8d74\" data-element_type=\"container\" data-e-type=\"container\" data-settings=\"{&quot;background_background&quot;:&quot;classic&quot;}\">\n\t\t\t\t<div class=\"elementor-element elementor-element-6debfe7 elementor-position-top elementor-widget elementor-widget-image-box\" data-id=\"6debfe7\" data-element_type=\"widget\" data-e-type=\"widget\" data-widget_type=\"image-box.default\">\n\t\t\t\t<div class=\"elementor-widget-container\">\n\t\t\t\t\t<div class=\"elementor-image-box-wrapper\"><figure class=\"elementor-image-box-img\"><img fetchpriority=\"high\" decoding=\"async\" width=\"500\" height=\"500\" src=\"https:\/\/tecamallorca.com\/wp-content\/uploads\/2025\/04\/flexiteca-1.png\" class=\"attachment-full size-full wp-image-565\" alt=\"\" srcset=\"https:\/\/tecamallorca.com\/wp-content\/uploads\/2025\/04\/flexiteca-1.png 500w, https:\/\/tecamallorca.com\/wp-content\/uploads\/2025\/04\/flexiteca-1-300x300.png 300w, https:\/\/tecamallorca.com\/wp-content\/uploads\/2025\/04\/flexiteca-1-150x150.png 150w\" sizes=\"(max-width: 500px) 100vw, 500px\" \/><\/figure><div class=\"elementor-image-box-content\"><h3 class=\"elementor-image-box-title\">Realistisches Aussehen von Teakholz<\/h3><p class=\"elementor-image-box-description\">Entworfen, um nat\u00fcrliches Holz mit einer Vielzahl von Farbt\u00f6nen und Oberfl\u00e4chen zu imitieren.<\/p><\/div><\/div>\t\t\t\t<\/div>\n\t\t\t\t<\/div>\n\t\t\t\t<\/div>\n\t\t<div class=\"elementor-element elementor-element-9b1a5ef e-con-full e-flex e-con e-child\" data-id=\"9b1a5ef\" data-element_type=\"container\" data-e-type=\"container\" data-settings=\"{&quot;background_background&quot;:&quot;classic&quot;}\">\n\t\t\t\t<div class=\"elementor-element elementor-element-6d16b0b elementor-position-top elementor-widget elementor-widget-image-box\" data-id=\"6d16b0b\" data-element_type=\"widget\" data-e-type=\"widget\" data-widget_type=\"image-box.default\">\n\t\t\t\t<div class=\"elementor-widget-container\">\n\t\t\t\t\t<div class=\"elementor-image-box-wrapper\"><figure class=\"elementor-image-box-img\"><img decoding=\"async\" width=\"581\" height=\"581\" src=\"https:\/\/tecamallorca.com\/wp-content\/uploads\/2025\/03\/felixteek-2.png\" class=\"attachment-full size-full wp-image-462\" alt=\"\" srcset=\"https:\/\/tecamallorca.com\/wp-content\/uploads\/2025\/03\/felixteek-2.png 581w, https:\/\/tecamallorca.com\/wp-content\/uploads\/2025\/03\/felixteek-2-300x300.png 300w, https:\/\/tecamallorca.com\/wp-content\/uploads\/2025\/03\/felixteek-2-150x150.png 150w\" sizes=\"(max-width: 581px) 100vw, 581px\" \/><\/figure><div class=\"elementor-image-box-content\"><h3 class=\"elementor-image-box-title\">Hochwertiges Material  <\/h3><p class=\"elementor-image-box-description\">Best\u00e4ndig gegen UV-Strahlen, Feuchtigkeit und den Salzgehalt des Meeres.<\/p><\/div><\/div>\t\t\t\t<\/div>\n\t\t\t\t<\/div>\n\t\t\t\t<\/div>\n\t\t<div class=\"elementor-element elementor-element-48cf067 e-con-full e-flex e-con e-child\" data-id=\"48cf067\" data-element_type=\"container\" data-e-type=\"container\" data-settings=\"{&quot;background_background&quot;:&quot;classic&quot;}\">\n\t\t\t\t<div class=\"elementor-element elementor-element-a1ab18d elementor-position-top elementor-widget elementor-widget-image-box\" data-id=\"a1ab18d\" data-element_type=\"widget\" data-e-type=\"widget\" data-widget_type=\"image-box.default\">\n\t\t\t\t<div class=\"elementor-widget-container\">\n\t\t\t\t\t<div class=\"elementor-image-box-wrapper\"><figure class=\"elementor-image-box-img\"><img decoding=\"async\" width=\"581\" height=\"581\" src=\"https:\/\/tecamallorca.com\/wp-content\/uploads\/2025\/03\/felixteek-3.png\" class=\"attachment-full size-full wp-image-464\" alt=\"\" srcset=\"https:\/\/tecamallorca.com\/wp-content\/uploads\/2025\/03\/felixteek-3.png 581w, https:\/\/tecamallorca.com\/wp-content\/uploads\/2025\/03\/felixteek-3-300x300.png 300w, https:\/\/tecamallorca.com\/wp-content\/uploads\/2025\/03\/felixteek-3-150x150.png 150w\" sizes=\"(max-width: 581px) 100vw, 581px\" \/><\/figure><div class=\"elementor-image-box-content\"><h3 class=\"elementor-image-box-title\">Einfache Wartung<\/h3><p class=\"elementor-image-box-description\">Schleifen, Lackieren oder spezielle \u00d6le sind nicht erforderlich.<\/p><\/div><\/div>\t\t\t\t<\/div>\n\t\t\t\t<\/div>\n\t\t\t\t<\/div>\n\t\t<div class=\"elementor-element elementor-element-43fd9d4 e-con-full e-flex e-con e-child\" data-id=\"43fd9d4\" data-element_type=\"container\" data-e-type=\"container\" data-settings=\"{&quot;background_background&quot;:&quot;classic&quot;}\">\n\t\t\t\t<div class=\"elementor-element elementor-element-f34f7ec elementor-position-top elementor-widget elementor-widget-image-box\" data-id=\"f34f7ec\" data-element_type=\"widget\" data-e-type=\"widget\" data-widget_type=\"image-box.default\">\n\t\t\t\t<div class=\"elementor-widget-container\">\n\t\t\t\t\t<div class=\"elementor-image-box-wrapper\"><figure class=\"elementor-image-box-img\"><img loading=\"lazy\" decoding=\"async\" width=\"581\" height=\"581\" src=\"https:\/\/tecamallorca.com\/wp-content\/uploads\/2025\/03\/felixteek-4.png\" class=\"attachment-full size-full wp-image-466\" alt=\"\" srcset=\"https:\/\/tecamallorca.com\/wp-content\/uploads\/2025\/03\/felixteek-4.png 581w, https:\/\/tecamallorca.com\/wp-content\/uploads\/2025\/03\/felixteek-4-300x300.png 300w, https:\/\/tecamallorca.com\/wp-content\/uploads\/2025\/03\/felixteek-4-150x150.png 150w\" sizes=\"(max-width: 581px) 100vw, 581px\" \/><\/figure><div class=\"elementor-image-box-content\"><h3 class=\"elementor-image-box-title\">Rutschfest und sicher<\/h3><p class=\"elementor-image-box-description\">Bietet \u00fcberragenden Grip, selbst bei nassen Bedingungen.<\/p><\/div><\/div>\t\t\t\t<\/div>\n\t\t\t\t<\/div>\n\t\t\t\t<\/div>\n\t\t<div class=\"elementor-element elementor-element-e01d4dc e-con-full e-flex e-con e-child\" data-id=\"e01d4dc\" data-element_type=\"container\" data-e-type=\"container\" data-settings=\"{&quot;background_background&quot;:&quot;classic&quot;}\">\n\t\t\t\t<div class=\"elementor-element elementor-element-3054118 elementor-position-top elementor-widget elementor-widget-image-box\" data-id=\"3054118\" data-element_type=\"widget\" data-e-type=\"widget\" data-widget_type=\"image-box.default\">\n\t\t\t\t<div class=\"elementor-widget-container\">\n\t\t\t\t\t<div class=\"elementor-image-box-wrapper\"><figure class=\"elementor-image-box-img\"><img loading=\"lazy\" decoding=\"async\" width=\"581\" height=\"581\" src=\"https:\/\/tecamallorca.com\/wp-content\/uploads\/2025\/03\/felixteek-5.png\" class=\"attachment-full size-full wp-image-468\" alt=\"\" srcset=\"https:\/\/tecamallorca.com\/wp-content\/uploads\/2025\/03\/felixteek-5.png 581w, https:\/\/tecamallorca.com\/wp-content\/uploads\/2025\/03\/felixteek-5-300x300.png 300w, https:\/\/tecamallorca.com\/wp-content\/uploads\/2025\/03\/felixteek-5-150x150.png 150w\" sizes=\"(max-width: 581px) 100vw, 581px\" \/><\/figure><div class=\"elementor-image-box-content\"><h3 class=\"elementor-image-box-title\">Pr\u00e4zise und ma\u00dfgeschneiderte Installation<\/h3><p class=\"elementor-image-box-description\">Ma\u00dfgeschneidert f\u00fcr jedes Boot f\u00fcr eine perfekte Passform.<\/p><\/div><\/div>\t\t\t\t<\/div>\n\t\t\t\t<\/div>\n\t\t\t\t<\/div>\n\t\t\t\t\t<\/div>\n\t\t\t\t<\/div>\n\t\t<div class=\"elementor-element elementor-element-21fb206 e-flex e-con-boxed e-con e-parent\" data-id=\"21fb206\" data-element_type=\"container\" data-e-type=\"container\">\n\t\t\t\t\t<div class=\"e-con-inner\">\n\t\t\t\t<div class=\"elementor-element elementor-element-3d8b38a elementor-widget elementor-widget-text-editor\" data-id=\"3d8b38a\" data-element_type=\"widget\" data-e-type=\"widget\" data-widget_type=\"text-editor.default\">\n\t\t\t\t<div class=\"elementor-widget-container\">\n\t\t\t\t\t\t\t\t\t<p>Wir von <strong>TecaMallorca<\/strong> haben uns verpflichtet, den besten Flexiteek-Installationsservice auf Mallorca anzubieten und arbeiten mit den modernsten Materialien auf dem Markt.<\/p><p>\ud83d\udcde <em>Fordern Sie Ihr kostenloses Angebot an und verwandeln Sie Ihr Boot mit der besten Kunststoffabdeckung.<\/em><\/p>\t\t\t\t\t\t\t\t<\/div>\n\t\t\t\t<\/div>\n\t\t\t\t\t<\/div>\n\t\t\t\t<\/div>\n\t\t\t\t<\/div>\n\t\t","protected":false},"excerpt":{"rendered":"<p>Willkommen bei TecaMallorca Flexiteek Experten auf Mallorca Willkommen bei TecaMallorca Flexiteek Experten auf Mallorca Die beste Alternative zu traditionellem Teakholz f\u00fcr Ihr Boot Willkommen bei TecaMallorca, dem f\u00fchrenden Unternehmen f\u00fcr die Installation von Flexiteek auf Mallorca. Mit jahrelanger Erfahrung in der Schifffahrtsbranche bieten wir innovative L\u00f6sungen zur Verbesserung der \u00c4sthetik und Leistung Ihres Bootes. Flexiteek [&hellip;]<\/p>\n","protected":false},"author":1,"featured_media":0,"parent":0,"menu_order":0,"comment_status":"closed","ping_status":"closed","template":"elementor_header_footer","meta":{"footnotes":""},"class_list":["post-517","page","type-page","status-publish","hentry"],"yoast_head":"<!-- This site is optimized with the Yoast SEO plugin v27.4 - https:\/\/yoast.com\/product\/yoast-seo-wordpress\/ -->\n<title>Startseite - TecaMallorca<\/title>\n<meta name=\"description\" content=\"Willkommen bei TecaMallorca, dem f\u00fchrenden Unternehmen f\u00fcr die Installation von Flexiteek auf Mallorca. Mit jahrelanger Erfahrung in der Schifffahrtsbranche bieten wir innovative L\u00f6sungen zur Verbesserung der \u00c4sthetik und Leistung Ihres Bootes.\" \/>\n<meta name=\"robots\" content=\"index, follow, max-snippet:-1, max-image-preview:large, max-video-preview:-1\" \/>\n<link rel=\"canonical\" href=\"https:\/\/tecamallorca.com\/de\/\" \/>\n<meta property=\"og:locale\" content=\"de_DE\" \/>\n<meta property=\"og:type\" content=\"article\" \/>\n<meta property=\"og:title\" content=\"Startseite - TecaMallorca\" \/>\n<meta property=\"og:description\" content=\"Willkommen bei TecaMallorca, dem f\u00fchrenden Unternehmen f\u00fcr die Installation von Flexiteek auf Mallorca. Mit jahrelanger Erfahrung in der Schifffahrtsbranche bieten wir innovative L\u00f6sungen zur Verbesserung der \u00c4sthetik und Leistung Ihres Bootes.\" \/>\n<meta property=\"og:url\" content=\"https:\/\/tecamallorca.com\/de\/\" \/>\n<meta property=\"og:site_name\" content=\"TecaMallorca\" \/>\n<meta property=\"article:modified_time\" content=\"2025-06-04T14:56:06+00:00\" \/>\n<meta property=\"og:image\" content=\"https:\/\/tecamallorca.com\/wp-content\/uploads\/2025\/04\/flexiteca-1.png\" \/>\n\t<meta property=\"og:image:width\" content=\"500\" \/>\n\t<meta property=\"og:image:height\" content=\"500\" \/>\n\t<meta property=\"og:image:type\" content=\"image\/png\" \/>\n<meta name=\"twitter:card\" content=\"summary_large_image\" \/>\n<meta name=\"twitter:label1\" content=\"Gesch\u00e4tzte Lesezeit\" \/>\n\t<meta name=\"twitter:data1\" content=\"1\u00a0Minute\" \/>\n<script type=\"application\/ld+json\" class=\"yoast-schema-graph\">{\"@context\":\"https:\\\/\\\/schema.org\",\"@graph\":[{\"@type\":\"WebPage\",\"@id\":\"https:\\\/\\\/tecamallorca.com\\\/de\\\/\",\"url\":\"https:\\\/\\\/tecamallorca.com\\\/de\\\/\",\"name\":\"Startseite - TecaMallorca\",\"isPartOf\":{\"@id\":\"https:\\\/\\\/tecamallorca.com\\\/de\\\/#website\"},\"primaryImageOfPage\":{\"@id\":\"https:\\\/\\\/tecamallorca.com\\\/de\\\/#primaryimage\"},\"image\":{\"@id\":\"https:\\\/\\\/tecamallorca.com\\\/de\\\/#primaryimage\"},\"thumbnailUrl\":\"https:\\\/\\\/tecamallorca.com\\\/wp-content\\\/uploads\\\/2025\\\/04\\\/flexiteca-1.png\",\"datePublished\":\"2025-03-20T00:32:14+00:00\",\"dateModified\":\"2025-06-04T14:56:06+00:00\",\"description\":\"Willkommen bei TecaMallorca, dem f\u00fchrenden Unternehmen f\u00fcr die Installation von Flexiteek auf Mallorca. Mit jahrelanger Erfahrung in der Schifffahrtsbranche bieten wir innovative L\u00f6sungen zur Verbesserung der \u00c4sthetik und Leistung Ihres Bootes.\",\"breadcrumb\":{\"@id\":\"https:\\\/\\\/tecamallorca.com\\\/de\\\/#breadcrumb\"},\"inLanguage\":\"de\",\"potentialAction\":[{\"@type\":\"ReadAction\",\"target\":[\"https:\\\/\\\/tecamallorca.com\\\/de\\\/\"]}]},{\"@type\":\"ImageObject\",\"inLanguage\":\"de\",\"@id\":\"https:\\\/\\\/tecamallorca.com\\\/de\\\/#primaryimage\",\"url\":\"https:\\\/\\\/tecamallorca.com\\\/wp-content\\\/uploads\\\/2025\\\/04\\\/flexiteca-1.png\",\"contentUrl\":\"https:\\\/\\\/tecamallorca.com\\\/wp-content\\\/uploads\\\/2025\\\/04\\\/flexiteca-1.png\"},{\"@type\":\"BreadcrumbList\",\"@id\":\"https:\\\/\\\/tecamallorca.com\\\/de\\\/#breadcrumb\",\"itemListElement\":[{\"@type\":\"ListItem\",\"position\":1,\"name\":\"Home\",\"item\":\"https:\\\/\\\/tecamallorca.com\\\/de\\\/\"},{\"@type\":\"ListItem\",\"position\":2,\"name\":\"Startseite\"}]},{\"@type\":\"WebSite\",\"@id\":\"https:\\\/\\\/tecamallorca.com\\\/de\\\/#website\",\"url\":\"https:\\\/\\\/tecamallorca.com\\\/de\\\/\",\"name\":\"TecaMallorca.com\",\"description\":\"\",\"publisher\":{\"@id\":\"https:\\\/\\\/tecamallorca.com\\\/de\\\/#organization\"},\"potentialAction\":[{\"@type\":\"SearchAction\",\"target\":{\"@type\":\"EntryPoint\",\"urlTemplate\":\"https:\\\/\\\/tecamallorca.com\\\/de\\\/?s={search_term_string}\"},\"query-input\":{\"@type\":\"PropertyValueSpecification\",\"valueRequired\":true,\"valueName\":\"search_term_string\"}}],\"inLanguage\":\"de\"},{\"@type\":\"Organization\",\"@id\":\"https:\\\/\\\/tecamallorca.com\\\/de\\\/#organization\",\"name\":\"Teca Mallorca\",\"url\":\"https:\\\/\\\/tecamallorca.com\\\/de\\\/\",\"logo\":{\"@type\":\"ImageObject\",\"inLanguage\":\"de\",\"@id\":\"https:\\\/\\\/tecamallorca.com\\\/de\\\/#\\\/schema\\\/logo\\\/image\\\/\",\"url\":\"https:\\\/\\\/tecamallorca.com\\\/wp-content\\\/uploads\\\/2025\\\/03\\\/tecamallorca-logo.jpg\",\"contentUrl\":\"https:\\\/\\\/tecamallorca.com\\\/wp-content\\\/uploads\\\/2025\\\/03\\\/tecamallorca-logo.jpg\",\"width\":1572,\"height\":195,\"caption\":\"Teca Mallorca\"},\"image\":{\"@id\":\"https:\\\/\\\/tecamallorca.com\\\/de\\\/#\\\/schema\\\/logo\\\/image\\\/\"}}]}<\/script>\n<!-- \/ Yoast SEO plugin. -->","yoast_head_json":{"title":"Startseite - TecaMallorca","description":"Willkommen bei TecaMallorca, dem f\u00fchrenden Unternehmen f\u00fcr die Installation von Flexiteek auf Mallorca. Mit jahrelanger Erfahrung in der Schifffahrtsbranche bieten wir innovative L\u00f6sungen zur Verbesserung der \u00c4sthetik und Leistung Ihres Bootes.","robots":{"index":"index","follow":"follow","max-snippet":"max-snippet:-1","max-image-preview":"max-image-preview:large","max-video-preview":"max-video-preview:-1"},"canonical":"https:\/\/tecamallorca.com\/de\/","og_locale":"de_DE","og_type":"article","og_title":"Startseite - TecaMallorca","og_description":"Willkommen bei TecaMallorca, dem f\u00fchrenden Unternehmen f\u00fcr die Installation von Flexiteek auf Mallorca. Mit jahrelanger Erfahrung in der Schifffahrtsbranche bieten wir innovative L\u00f6sungen zur Verbesserung der \u00c4sthetik und Leistung Ihres Bootes.","og_url":"https:\/\/tecamallorca.com\/de\/","og_site_name":"TecaMallorca","article_modified_time":"2025-06-04T14:56:06+00:00","og_image":[{"width":500,"height":500,"url":"https:\/\/tecamallorca.com\/wp-content\/uploads\/2025\/04\/flexiteca-1.png","type":"image\/png"}],"twitter_card":"summary_large_image","twitter_misc":{"Gesch\u00e4tzte Lesezeit":"1\u00a0Minute"},"schema":{"@context":"https:\/\/schema.org","@graph":[{"@type":"WebPage","@id":"https:\/\/tecamallorca.com\/de\/","url":"https:\/\/tecamallorca.com\/de\/","name":"Startseite - TecaMallorca","isPartOf":{"@id":"https:\/\/tecamallorca.com\/de\/#website"},"primaryImageOfPage":{"@id":"https:\/\/tecamallorca.com\/de\/#primaryimage"},"image":{"@id":"https:\/\/tecamallorca.com\/de\/#primaryimage"},"thumbnailUrl":"https:\/\/tecamallorca.com\/wp-content\/uploads\/2025\/04\/flexiteca-1.png","datePublished":"2025-03-20T00:32:14+00:00","dateModified":"2025-06-04T14:56:06+00:00","description":"Willkommen bei TecaMallorca, dem f\u00fchrenden Unternehmen f\u00fcr die Installation von Flexiteek auf Mallorca. Mit jahrelanger Erfahrung in der Schifffahrtsbranche bieten wir innovative L\u00f6sungen zur Verbesserung der \u00c4sthetik und Leistung Ihres Bootes.","breadcrumb":{"@id":"https:\/\/tecamallorca.com\/de\/#breadcrumb"},"inLanguage":"de","potentialAction":[{"@type":"ReadAction","target":["https:\/\/tecamallorca.com\/de\/"]}]},{"@type":"ImageObject","inLanguage":"de","@id":"https:\/\/tecamallorca.com\/de\/#primaryimage","url":"https:\/\/tecamallorca.com\/wp-content\/uploads\/2025\/04\/flexiteca-1.png","contentUrl":"https:\/\/tecamallorca.com\/wp-content\/uploads\/2025\/04\/flexiteca-1.png"},{"@type":"BreadcrumbList","@id":"https:\/\/tecamallorca.com\/de\/#breadcrumb","itemListElement":[{"@type":"ListItem","position":1,"name":"Home","item":"https:\/\/tecamallorca.com\/de\/"},{"@type":"ListItem","position":2,"name":"Startseite"}]},{"@type":"WebSite","@id":"https:\/\/tecamallorca.com\/de\/#website","url":"https:\/\/tecamallorca.com\/de\/","name":"TecaMallorca.com","description":"","publisher":{"@id":"https:\/\/tecamallorca.com\/de\/#organization"},"potentialAction":[{"@type":"SearchAction","target":{"@type":"EntryPoint","urlTemplate":"https:\/\/tecamallorca.com\/de\/?s={search_term_string}"},"query-input":{"@type":"PropertyValueSpecification","valueRequired":true,"valueName":"search_term_string"}}],"inLanguage":"de"},{"@type":"Organization","@id":"https:\/\/tecamallorca.com\/de\/#organization","name":"Teca Mallorca","url":"https:\/\/tecamallorca.com\/de\/","logo":{"@type":"ImageObject","inLanguage":"de","@id":"https:\/\/tecamallorca.com\/de\/#\/schema\/logo\/image\/","url":"https:\/\/tecamallorca.com\/wp-content\/uploads\/2025\/03\/tecamallorca-logo.jpg","contentUrl":"https:\/\/tecamallorca.com\/wp-content\/uploads\/2025\/03\/tecamallorca-logo.jpg","width":1572,"height":195,"caption":"Teca Mallorca"},"image":{"@id":"https:\/\/tecamallorca.com\/de\/#\/schema\/logo\/image\/"}}]}},"_links":{"self":[{"href":"https:\/\/tecamallorca.com\/de\/wp-json\/wp\/v2\/pages\/517","targetHints":{"allow":["GET"]}}],"collection":[{"href":"https:\/\/tecamallorca.com\/de\/wp-json\/wp\/v2\/pages"}],"about":[{"href":"https:\/\/tecamallorca.com\/de\/wp-json\/wp\/v2\/types\/page"}],"author":[{"embeddable":true,"href":"https:\/\/tecamallorca.com\/de\/wp-json\/wp\/v2\/users\/1"}],"replies":[{"embeddable":true,"href":"https:\/\/tecamallorca.com\/de\/wp-json\/wp\/v2\/comments?post=517"}],"version-history":[{"count":3,"href":"https:\/\/tecamallorca.com\/de\/wp-json\/wp\/v2\/pages\/517\/revisions"}],"predecessor-version":[{"id":599,"href":"https:\/\/tecamallorca.com\/de\/wp-json\/wp\/v2\/pages\/517\/revisions\/599"}],"wp:attachment":[{"href":"https:\/\/tecamallorca.com\/de\/wp-json\/wp\/v2\/media?parent=517"}],"curies":[{"name":"wp","href":"https:\/\/api.w.org\/{rel}","templated":true}]}}