{"id":515,"date":"2025-03-20T00:48:34","date_gmt":"2025-03-20T00:48:34","guid":{"rendered":"https:\/\/tecamallorca.com\/kontakt\/"},"modified":"2025-06-04T14:42:07","modified_gmt":"2025-06-04T14:42:07","slug":"kontakt","status":"publish","type":"page","link":"https:\/\/tecamallorca.com\/de\/kontakt\/","title":{"rendered":"Kontakt"},"content":{"rendered":"\t\t<div data-elementor-type=\"wp-page\" data-elementor-id=\"515\" class=\"elementor elementor-515 elementor-32\" data-elementor-post-type=\"page\">\n\t\t\t\t<div class=\"elementor-element elementor-element-c70d556 e-flex e-con-boxed e-con e-parent\" data-id=\"c70d556\" data-element_type=\"container\" data-e-type=\"container\" data-settings=\"{&quot;background_background&quot;:&quot;classic&quot;}\">\n\t\t\t\t\t<div class=\"e-con-inner\">\n\t\t<div class=\"elementor-element elementor-element-75ad60d e-con-full e-flex e-con e-child\" data-id=\"75ad60d\" data-element_type=\"container\" data-e-type=\"container\">\n\t\t\t\t<div class=\"elementor-element elementor-element-80c9086 elementor-widget elementor-widget-heading\" data-id=\"80c9086\" data-element_type=\"widget\" data-e-type=\"widget\" data-widget_type=\"heading.default\">\n\t\t\t\t<div class=\"elementor-widget-container\">\n\t\t\t\t\t<h1 class=\"elementor-heading-title elementor-size-default\">Kontaktieren Sie uns \n<br><b>Wir sind auf Mallorca<\/b><\/h1>\t\t\t\t<\/div>\n\t\t\t\t<\/div>\n\t\t\t\t<\/div>\n\t\t\t\t\t<\/div>\n\t\t\t\t<\/div>\n\t\t<div class=\"elementor-element elementor-element-4ea4144 e-flex e-con-boxed e-con e-parent\" data-id=\"4ea4144\" data-element_type=\"container\" data-e-type=\"container\">\n\t\t\t\t\t<div class=\"e-con-inner\">\n\t\t\t\t<div class=\"elementor-element elementor-element-4ed8c10 elementor-widget elementor-widget-heading\" data-id=\"4ed8c10\" data-element_type=\"widget\" data-e-type=\"widget\" data-widget_type=\"heading.default\">\n\t\t\t\t<div class=\"elementor-widget-container\">\n\t\t\t\t\t<h2 class=\"elementor-heading-title elementor-size-default\">Besuchen Sie uns unter<\/h2>\t\t\t\t<\/div>\n\t\t\t\t<\/div>\n\t\t\t\t<div class=\"elementor-element elementor-element-50dc293 elementor-widget elementor-widget-text-editor\" data-id=\"50dc293\" data-element_type=\"widget\" data-e-type=\"widget\" data-widget_type=\"text-editor.default\">\n\t\t\t\t<div class=\"elementor-widget-container\">\n\t\t\t\t\t\t\t\t\t\nC\/ Gerrers,6-B Pol\u00edgono Marratx\u00ed\t\t\t\t\t\t\t\t<\/div>\n\t\t\t\t<\/div>\n\t\t\t\t<div class=\"elementor-element elementor-element-a7cfb2b elementor-widget elementor-widget-google_maps\" data-id=\"a7cfb2b\" data-element_type=\"widget\" data-e-type=\"widget\" data-widget_type=\"google_maps.default\">\n\t\t\t\t<div class=\"elementor-widget-container\">\n\t\t\t\t\t\t\t<div class=\"elementor-custom-embed\">\n\t\t\t<iframe loading=\"lazy\"\n\t\t\t\t\tsrc=\"https:\/\/maps.google.com\/maps?q=C%2F%20Gerrers%2C6-B%20Pol%C3%ADgono%20Marratx%C3%AD&#038;t=m&#038;z=11&#038;output=embed&#038;iwloc=near\"\n\t\t\t\t\ttitle=\"C\/ Gerrers,6-B Pol\u00edgono Marratx\u00ed\"\n\t\t\t\t\taria-label=\"C\/ Gerrers,6-B Pol\u00edgono Marratx\u00ed\"\n\t\t\t><\/iframe>\n\t\t<\/div>\n\t\t\t\t\t\t<\/div>\n\t\t\t\t<\/div>\n\t\t\t\t<div class=\"elementor-element elementor-element-e1e6f2b elementor-widget elementor-widget-text-editor\" data-id=\"e1e6f2b\" data-element_type=\"widget\" data-e-type=\"widget\" data-widget_type=\"text-editor.default\">\n\t\t\t\t<div class=\"elementor-widget-container\">\n\t\t\t\t\t\t\t\t\t<p>Wenn Sie weitere Informationen \u00fcber unsere Dienstleistungen w\u00fcnschen, ein Angebot anfordern oder Fragen kl\u00e4ren m\u00f6chten, z\u00f6gern Sie bitte nicht, uns zu kontaktieren. Wir sind hier, um Ihnen zu helfen.<\/p><p> <em>Kontaktieren Sie uns und finden Sie heraus, wie wir Ihr Boot mit Flexiteek verbessern k\u00f6nnen.<\/em><\/p>\t\t\t\t\t\t\t\t<\/div>\n\t\t\t\t<\/div>\n\t\t\t\t<div class=\"elementor-element elementor-element-e57e400 elementor-icon-list--layout-inline elementor-align-center elementor-list-item-link-full_width elementor-widget elementor-widget-icon-list\" data-id=\"e57e400\" data-element_type=\"widget\" data-e-type=\"widget\" data-widget_type=\"icon-list.default\">\n\t\t\t\t<div class=\"elementor-widget-container\">\n\t\t\t\t\t\t\t<ul class=\"elementor-icon-list-items elementor-inline-items\">\n\t\t\t\t\t\t\t<li class=\"elementor-icon-list-item elementor-inline-item\">\n\t\t\t\t\t\t\t\t\t\t\t<span class=\"elementor-icon-list-icon\">\n\t\t\t\t\t\t\t<svg aria-hidden=\"true\" class=\"e-font-icon-svg e-fas-phone-alt\" viewBox=\"0 0 512 512\" xmlns=\"http:\/\/www.w3.org\/2000\/svg\"><path d=\"M497.39 361.8l-112-48a24 24 0 0 0-28 6.9l-49.6 60.6A370.66 370.66 0 0 1 130.6 204.11l60.6-49.6a23.94 23.94 0 0 0 6.9-28l-48-112A24.16 24.16 0 0 0 122.6.61l-104 24A24 24 0 0 0 0 48c0 256.5 207.9 464 464 464a24 24 0 0 0 23.4-18.6l24-104a24.29 24.29 0 0 0-14.01-27.6z\"><\/path><\/svg>\t\t\t\t\t\t<\/span>\n\t\t\t\t\t\t\t\t\t\t<span class=\"elementor-icon-list-text\"><b>Telefon:<\/b> 680-20-86-25<\/span>\n\t\t\t\t\t\t\t\t\t<\/li>\n\t\t\t\t\t\t\t\t<li class=\"elementor-icon-list-item elementor-inline-item\">\n\t\t\t\t\t\t\t\t\t\t\t<span class=\"elementor-icon-list-icon\">\n\t\t\t\t\t\t\t<svg aria-hidden=\"true\" class=\"e-font-icon-svg e-far-envelope\" viewBox=\"0 0 512 512\" xmlns=\"http:\/\/www.w3.org\/2000\/svg\"><path d=\"M464 64H48C21.49 64 0 85.49 0 112v288c0 26.51 21.49 48 48 48h416c26.51 0 48-21.49 48-48V112c0-26.51-21.49-48-48-48zm0 48v40.805c-22.422 18.259-58.168 46.651-134.587 106.49-16.841 13.247-50.201 45.072-73.413 44.701-23.208.375-56.579-31.459-73.413-44.701C106.18 199.465 70.425 171.067 48 152.805V112h416zM48 400V214.398c22.914 18.251 55.409 43.862 104.938 82.646 21.857 17.205 60.134 55.186 103.062 54.955 42.717.231 80.509-37.199 103.053-54.947 49.528-38.783 82.032-64.401 104.947-82.653V400H48z\"><\/path><\/svg>\t\t\t\t\t\t<\/span>\n\t\t\t\t\t\t\t\t\t\t<span class=\"elementor-icon-list-text\"><b>E-Mail:<\/b> info@tecamallorca.com  <\/span>\n\t\t\t\t\t\t\t\t\t<\/li>\n\t\t\t\t\t\t<\/ul>\n\t\t\t\t\t\t<\/div>\n\t\t\t\t<\/div>\n\t\t\t\t<div class=\"elementor-element elementor-element-480e133 elementor-shape-circle elementor-grid-0 e-grid-align-center elementor-widget elementor-widget-social-icons\" data-id=\"480e133\" data-element_type=\"widget\" data-e-type=\"widget\" data-widget_type=\"social-icons.default\">\n\t\t\t\t<div class=\"elementor-widget-container\">\n\t\t\t\t\t\t\t<div class=\"elementor-social-icons-wrapper elementor-grid\" role=\"list\">\n\t\t\t\t\t\t\t<span class=\"elementor-grid-item\" role=\"listitem\">\n\t\t\t\t\t<a class=\"elementor-icon elementor-social-icon elementor-social-icon-facebook elementor-repeater-item-390b40e\" target=\"_blank\">\n\t\t\t\t\t\t<span class=\"elementor-screen-only\">Facebook<\/span>\n\t\t\t\t\t\t<svg aria-hidden=\"true\" class=\"e-font-icon-svg e-fab-facebook\" viewBox=\"0 0 512 512\" xmlns=\"http:\/\/www.w3.org\/2000\/svg\"><path d=\"M504 256C504 119 393 8 256 8S8 119 8 256c0 123.78 90.69 226.38 209.25 245V327.69h-63V256h63v-54.64c0-62.15 37-96.48 93.67-96.48 27.14 0 55.52 4.84 55.52 4.84v61h-31.28c-30.8 0-40.41 19.12-40.41 38.73V256h68.78l-11 71.69h-57.78V501C413.31 482.38 504 379.78 504 256z\"><\/path><\/svg>\t\t\t\t\t<\/a>\n\t\t\t\t<\/span>\n\t\t\t\t\t\t\t<span class=\"elementor-grid-item\" role=\"listitem\">\n\t\t\t\t\t<a class=\"elementor-icon elementor-social-icon elementor-social-icon-youtube elementor-repeater-item-7230c23\" target=\"_blank\">\n\t\t\t\t\t\t<span class=\"elementor-screen-only\">Youtube<\/span>\n\t\t\t\t\t\t<svg aria-hidden=\"true\" class=\"e-font-icon-svg e-fab-youtube\" viewBox=\"0 0 576 512\" xmlns=\"http:\/\/www.w3.org\/2000\/svg\"><path d=\"M549.655 124.083c-6.281-23.65-24.787-42.276-48.284-48.597C458.781 64 288 64 288 64S117.22 64 74.629 75.486c-23.497 6.322-42.003 24.947-48.284 48.597-11.412 42.867-11.412 132.305-11.412 132.305s0 89.438 11.412 132.305c6.281 23.65 24.787 41.5 48.284 47.821C117.22 448 288 448 288 448s170.78 0 213.371-11.486c23.497-6.321 42.003-24.171 48.284-47.821 11.412-42.867 11.412-132.305 11.412-132.305s0-89.438-11.412-132.305zm-317.51 213.508V175.185l142.739 81.205-142.739 81.201z\"><\/path><\/svg>\t\t\t\t\t<\/a>\n\t\t\t\t<\/span>\n\t\t\t\t\t<\/div>\n\t\t\t\t\t\t<\/div>\n\t\t\t\t<\/div>\n\t\t\t\t\t<\/div>\n\t\t\t\t<\/div>\n\t\t\t\t<\/div>\n\t\t","protected":false},"excerpt":{"rendered":"<p>Kontaktieren Sie uns Wir sind auf Mallorca Besuchen Sie uns unter C\/ Gerrers,6-B Pol\u00edgono Marratx\u00ed Wenn Sie weitere Informationen \u00fcber unsere Dienstleistungen w\u00fcnschen, ein Angebot anfordern oder Fragen kl\u00e4ren m\u00f6chten, z\u00f6gern Sie bitte nicht, uns zu kontaktieren. Wir sind hier, um Ihnen zu helfen. Kontaktieren Sie uns und finden Sie heraus, wie wir Ihr Boot [&hellip;]<\/p>\n","protected":false},"author":1,"featured_media":0,"parent":0,"menu_order":0,"comment_status":"closed","ping_status":"closed","template":"elementor_header_footer","meta":{"footnotes":""},"class_list":["post-515","page","type-page","status-publish","hentry"],"yoast_head":"<!-- This site is optimized with the Yoast SEO plugin v27.4 - https:\/\/yoast.com\/product\/yoast-seo-wordpress\/ -->\n<title>Kontakt - TecaMallorca<\/title>\n<meta name=\"description\" content=\"Wir sind hier, um Ihnen zu helfen. Kontaktieren Sie uns und finden Sie heraus, wie wir Ihr Boot mit Flexiteek verbessern k\u00f6nnen.\" \/>\n<meta name=\"robots\" content=\"index, follow, max-snippet:-1, max-image-preview:large, max-video-preview:-1\" \/>\n<link rel=\"canonical\" href=\"https:\/\/tecamallorca.com\/de\/kontakt\/\" \/>\n<meta property=\"og:locale\" content=\"de_DE\" \/>\n<meta property=\"og:type\" content=\"article\" \/>\n<meta property=\"og:title\" content=\"Kontakt - TecaMallorca\" \/>\n<meta property=\"og:description\" content=\"Wir sind hier, um Ihnen zu helfen. Kontaktieren Sie uns und finden Sie heraus, wie wir Ihr Boot mit Flexiteek verbessern k\u00f6nnen.\" \/>\n<meta property=\"og:url\" content=\"https:\/\/tecamallorca.com\/de\/kontakt\/\" \/>\n<meta property=\"og:site_name\" content=\"TecaMallorca\" \/>\n<meta property=\"article:modified_time\" content=\"2025-06-04T14:42:07+00:00\" \/>\n<meta name=\"twitter:card\" content=\"summary_large_image\" \/>\n<script type=\"application\/ld+json\" class=\"yoast-schema-graph\">{\"@context\":\"https:\\\/\\\/schema.org\",\"@graph\":[{\"@type\":\"WebPage\",\"@id\":\"https:\\\/\\\/tecamallorca.com\\\/de\\\/kontakt\\\/\",\"url\":\"https:\\\/\\\/tecamallorca.com\\\/de\\\/kontakt\\\/\",\"name\":\"Kontakt - TecaMallorca\",\"isPartOf\":{\"@id\":\"https:\\\/\\\/tecamallorca.com\\\/de\\\/#website\"},\"datePublished\":\"2025-03-20T00:48:34+00:00\",\"dateModified\":\"2025-06-04T14:42:07+00:00\",\"description\":\"Wir sind hier, um Ihnen zu helfen. Kontaktieren Sie uns und finden Sie heraus, wie wir Ihr Boot mit Flexiteek verbessern k\u00f6nnen.\",\"breadcrumb\":{\"@id\":\"https:\\\/\\\/tecamallorca.com\\\/de\\\/kontakt\\\/#breadcrumb\"},\"inLanguage\":\"de\",\"potentialAction\":[{\"@type\":\"ReadAction\",\"target\":[\"https:\\\/\\\/tecamallorca.com\\\/de\\\/kontakt\\\/\"]}]},{\"@type\":\"BreadcrumbList\",\"@id\":\"https:\\\/\\\/tecamallorca.com\\\/de\\\/kontakt\\\/#breadcrumb\",\"itemListElement\":[{\"@type\":\"ListItem\",\"position\":1,\"name\":\"Home\",\"item\":\"https:\\\/\\\/tecamallorca.com\\\/de\\\/\"},{\"@type\":\"ListItem\",\"position\":2,\"name\":\"Kontakt\"}]},{\"@type\":\"WebSite\",\"@id\":\"https:\\\/\\\/tecamallorca.com\\\/de\\\/#website\",\"url\":\"https:\\\/\\\/tecamallorca.com\\\/de\\\/\",\"name\":\"TecaMallorca.com\",\"description\":\"\",\"publisher\":{\"@id\":\"https:\\\/\\\/tecamallorca.com\\\/de\\\/#organization\"},\"potentialAction\":[{\"@type\":\"SearchAction\",\"target\":{\"@type\":\"EntryPoint\",\"urlTemplate\":\"https:\\\/\\\/tecamallorca.com\\\/de\\\/?s={search_term_string}\"},\"query-input\":{\"@type\":\"PropertyValueSpecification\",\"valueRequired\":true,\"valueName\":\"search_term_string\"}}],\"inLanguage\":\"de\"},{\"@type\":\"Organization\",\"@id\":\"https:\\\/\\\/tecamallorca.com\\\/de\\\/#organization\",\"name\":\"Teca Mallorca\",\"url\":\"https:\\\/\\\/tecamallorca.com\\\/de\\\/\",\"logo\":{\"@type\":\"ImageObject\",\"inLanguage\":\"de\",\"@id\":\"https:\\\/\\\/tecamallorca.com\\\/de\\\/#\\\/schema\\\/logo\\\/image\\\/\",\"url\":\"https:\\\/\\\/tecamallorca.com\\\/wp-content\\\/uploads\\\/2025\\\/03\\\/tecamallorca-logo.jpg\",\"contentUrl\":\"https:\\\/\\\/tecamallorca.com\\\/wp-content\\\/uploads\\\/2025\\\/03\\\/tecamallorca-logo.jpg\",\"width\":1572,\"height\":195,\"caption\":\"Teca Mallorca\"},\"image\":{\"@id\":\"https:\\\/\\\/tecamallorca.com\\\/de\\\/#\\\/schema\\\/logo\\\/image\\\/\"}}]}<\/script>\n<!-- \/ Yoast SEO plugin. -->","yoast_head_json":{"title":"Kontakt - TecaMallorca","description":"Wir sind hier, um Ihnen zu helfen. Kontaktieren Sie uns und finden Sie heraus, wie wir Ihr Boot mit Flexiteek verbessern k\u00f6nnen.","robots":{"index":"index","follow":"follow","max-snippet":"max-snippet:-1","max-image-preview":"max-image-preview:large","max-video-preview":"max-video-preview:-1"},"canonical":"https:\/\/tecamallorca.com\/de\/kontakt\/","og_locale":"de_DE","og_type":"article","og_title":"Kontakt - TecaMallorca","og_description":"Wir sind hier, um Ihnen zu helfen. Kontaktieren Sie uns und finden Sie heraus, wie wir Ihr Boot mit Flexiteek verbessern k\u00f6nnen.","og_url":"https:\/\/tecamallorca.com\/de\/kontakt\/","og_site_name":"TecaMallorca","article_modified_time":"2025-06-04T14:42:07+00:00","twitter_card":"summary_large_image","schema":{"@context":"https:\/\/schema.org","@graph":[{"@type":"WebPage","@id":"https:\/\/tecamallorca.com\/de\/kontakt\/","url":"https:\/\/tecamallorca.com\/de\/kontakt\/","name":"Kontakt - TecaMallorca","isPartOf":{"@id":"https:\/\/tecamallorca.com\/de\/#website"},"datePublished":"2025-03-20T00:48:34+00:00","dateModified":"2025-06-04T14:42:07+00:00","description":"Wir sind hier, um Ihnen zu helfen. Kontaktieren Sie uns und finden Sie heraus, wie wir Ihr Boot mit Flexiteek verbessern k\u00f6nnen.","breadcrumb":{"@id":"https:\/\/tecamallorca.com\/de\/kontakt\/#breadcrumb"},"inLanguage":"de","potentialAction":[{"@type":"ReadAction","target":["https:\/\/tecamallorca.com\/de\/kontakt\/"]}]},{"@type":"BreadcrumbList","@id":"https:\/\/tecamallorca.com\/de\/kontakt\/#breadcrumb","itemListElement":[{"@type":"ListItem","position":1,"name":"Home","item":"https:\/\/tecamallorca.com\/de\/"},{"@type":"ListItem","position":2,"name":"Kontakt"}]},{"@type":"WebSite","@id":"https:\/\/tecamallorca.com\/de\/#website","url":"https:\/\/tecamallorca.com\/de\/","name":"TecaMallorca.com","description":"","publisher":{"@id":"https:\/\/tecamallorca.com\/de\/#organization"},"potentialAction":[{"@type":"SearchAction","target":{"@type":"EntryPoint","urlTemplate":"https:\/\/tecamallorca.com\/de\/?s={search_term_string}"},"query-input":{"@type":"PropertyValueSpecification","valueRequired":true,"valueName":"search_term_string"}}],"inLanguage":"de"},{"@type":"Organization","@id":"https:\/\/tecamallorca.com\/de\/#organization","name":"Teca Mallorca","url":"https:\/\/tecamallorca.com\/de\/","logo":{"@type":"ImageObject","inLanguage":"de","@id":"https:\/\/tecamallorca.com\/de\/#\/schema\/logo\/image\/","url":"https:\/\/tecamallorca.com\/wp-content\/uploads\/2025\/03\/tecamallorca-logo.jpg","contentUrl":"https:\/\/tecamallorca.com\/wp-content\/uploads\/2025\/03\/tecamallorca-logo.jpg","width":1572,"height":195,"caption":"Teca Mallorca"},"image":{"@id":"https:\/\/tecamallorca.com\/de\/#\/schema\/logo\/image\/"}}]}},"_links":{"self":[{"href":"https:\/\/tecamallorca.com\/de\/wp-json\/wp\/v2\/pages\/515","targetHints":{"allow":["GET"]}}],"collection":[{"href":"https:\/\/tecamallorca.com\/de\/wp-json\/wp\/v2\/pages"}],"about":[{"href":"https:\/\/tecamallorca.com\/de\/wp-json\/wp\/v2\/types\/page"}],"author":[{"embeddable":true,"href":"https:\/\/tecamallorca.com\/de\/wp-json\/wp\/v2\/users\/1"}],"replies":[{"embeddable":true,"href":"https:\/\/tecamallorca.com\/de\/wp-json\/wp\/v2\/comments?post=515"}],"version-history":[{"count":3,"href":"https:\/\/tecamallorca.com\/de\/wp-json\/wp\/v2\/pages\/515\/revisions"}],"predecessor-version":[{"id":562,"href":"https:\/\/tecamallorca.com\/de\/wp-json\/wp\/v2\/pages\/515\/revisions\/562"}],"wp:attachment":[{"href":"https:\/\/tecamallorca.com\/de\/wp-json\/wp\/v2\/media?parent=515"}],"curies":[{"name":"wp","href":"https:\/\/api.w.org\/{rel}","templated":true}]}}